{"id":4238,"date":"2021-08-19T10:05:26","date_gmt":"2021-08-19T10:05:26","guid":{"rendered":"https:\/\/newproductioninstitute.de\/?page_id=4238"},"modified":"2022-10-04T08:27:45","modified_gmt":"2022-10-04T08:27:45","slug":"communities-2","status":"publish","type":"page","link":"https:\/\/newproductioninstitute.de\/en\/communities-2","title":{"rendered":"Communities"},"content":{"rendered":"\n<div class=\"wp-block-getwid-banner has-animation-style5 has-text-animation-opacity-bottom has-foreground-70 has-horizontal-alignment-left\"><a href=\"#\" class=\"wp-block-getwid-banner__link\"><div class=\"wp-block-getwid-banner__wrapper\"><img fetchpriority=\"high\" decoding=\"async\" width=\"2560\" height=\"1707\" src=\"https:\/\/newproductioninstitute.de\/wp-content\/uploads\/2021\/08\/thisisengineering-raeng-grDTSAnM8b4-unsplash-scaled.jpg\" alt=\"\" class=\"wp-block-getwid-banner__image wp-block-getwid-banner__source wp-image-705\" srcset=\"https:\/\/newproductioninstitute.de\/wp-content\/uploads\/2021\/08\/thisisengineering-raeng-grDTSAnM8b4-unsplash-scaled.jpg 2560w, https:\/\/newproductioninstitute.de\/wp-content\/uploads\/2021\/08\/thisisengineering-raeng-grDTSAnM8b4-unsplash-300x200.jpg 300w, https:\/\/newproductioninstitute.de\/wp-content\/uploads\/2021\/08\/thisisengineering-raeng-grDTSAnM8b4-unsplash-1024x683.jpg 1024w, https:\/\/newproductioninstitute.de\/wp-content\/uploads\/2021\/08\/thisisengineering-raeng-grDTSAnM8b4-unsplash-768x512.jpg 768w, https:\/\/newproductioninstitute.de\/wp-content\/uploads\/2021\/08\/thisisengineering-raeng-grDTSAnM8b4-unsplash-1536x1024.jpg 1536w, https:\/\/newproductioninstitute.de\/wp-content\/uploads\/2021\/08\/thisisengineering-raeng-grDTSAnM8b4-unsplash-2048x1365.jpg 2048w\" sizes=\"(max-width: 2560px) 100vw, 2560px\" \/><div class=\"wp-block-getwid-banner__caption has-text-color has-luminous-vivid-amber-color\"><div style=\"max-width:100%\" class=\"wp-block-getwid-banner__caption-wrapper\"><span class=\"wp-block-getwid-banner__title\"><strong>Communities<\/strong><\/span><p class=\"wp-block-getwid-banner__text\">The New Production Institute&#8217;s interdisciplinary research examines both local and online communities with the goal of making value creation as inclusive and participatory as possible with and for people.<\/p><\/div><\/div><\/div><\/a><\/div>\n\n\n\n<div style=\"height:60px\" aria-hidden=\"true\" class=\"wp-block-spacer\"><\/div>\n\n\n\n<h2 class=\"wp-block-heading\">The potential of the Hanseatic city<\/h2>\n\n\n\n<p>The <strong>Hamburg metropolitan region has great potential <\/strong>to play a pioneering role on the way to a participatory circular economy through cooperation between representatives from politics, business, and science with companies, associations, and citizens in the global Fab City city network.<\/p>\n\n\n\n<p>The communities in the Hanseatic city and the metropolitan region &#8211; <strong>Fab labs, repair caf\u00e9s, innovation hubs, neighborhood initiatives, civic associations, schools, educational institutions, and crowds <\/strong>&#8211; are connected and, wherever possible, linked with actors from politics and business.<\/p>\n\n\n\n<div style=\"height:50px\" aria-hidden=\"true\" class=\"wp-block-spacer\"><\/div>\n\n\n\n<h2 class=\"wp-block-heading\">Hamburg is the first <br>Fab City in Germany<\/h2>\n\n\n\n<div class=\"wp-block-columns is-layout-flex wp-container-core-columns-is-layout-1 wp-block-columns-is-layout-flex\">\n<div class=\"wp-block-column is-layout-flow wp-block-column-is-layout-flow\" style=\"flex-basis:45%\">\n<p>In addition to local networking, being embedded in the global Fab City network also enables the company to connect with the international community, for example at the annual Fab City Summit.<\/p>\n\n\n\n<p>The current <strong><a href=\"https:\/\/newproductioninstitute.de\/en\/projekte-2\">projects<\/a><\/strong> of the New Production Institute are promising and have a perceptible effect: <strong>city dwellers have the opportunity to experience social inclusion and participation<\/strong> in value creation and thus create increased cooperation in and for Hamburg. The projects also aim to strengthen group cohesion among participants.<\/p>\n\n\n\n<p>The <a href=\"https:\/\/www.fabcity.hamburg\" target=\"_blank\" rel=\"noreferrer noopener\"><strong>Fab City Hamburg<\/strong><\/a>, with a rapidly growing startup and maker scene and an up-and-coming creative industry, is a particular focus of the activities here.<\/p>\n<\/div>\n\n\n\n<div class=\"wp-block-column is-layout-flow wp-block-column-is-layout-flow\">\n<figure class=\"wp-block-image size-full\"><img decoding=\"async\" width=\"2750\" height=\"1833\" src=\"https:\/\/newproductioninstitute.de\/wp-content\/uploads\/2021\/08\/alexander-bagno-z3AZoQAIkao-unsplash-1.png\" alt=\"Fab City Hamburg\" class=\"wp-image-1304\" srcset=\"https:\/\/newproductioninstitute.de\/wp-content\/uploads\/2021\/08\/alexander-bagno-z3AZoQAIkao-unsplash-1.png 2750w, https:\/\/newproductioninstitute.de\/wp-content\/uploads\/2021\/08\/alexander-bagno-z3AZoQAIkao-unsplash-1-768x512.png 768w, https:\/\/newproductioninstitute.de\/wp-content\/uploads\/2021\/08\/alexander-bagno-z3AZoQAIkao-unsplash-1-1536x1024.png 1536w, https:\/\/newproductioninstitute.de\/wp-content\/uploads\/2021\/08\/alexander-bagno-z3AZoQAIkao-unsplash-1-2048x1365.png 2048w, https:\/\/newproductioninstitute.de\/wp-content\/uploads\/2021\/08\/alexander-bagno-z3AZoQAIkao-unsplash-1-272x182.png 272w\" sizes=\"(max-width: 2750px) 100vw, 2750px\" \/><\/figure>\n<\/div>\n<\/div>\n\n\n\n<div style=\"height:50px\" aria-hidden=\"true\" class=\"wp-block-spacer\"><\/div>\n\n\n\n<div class=\"wp-block-columns is-layout-flex wp-container-core-columns-is-layout-2 wp-block-columns-is-layout-flex\">\n<div class=\"wp-block-column is-layout-flow wp-block-column-is-layout-flow\" style=\"flex-basis:45%\">\n<figure class=\"wp-block-image size-full\"><img decoding=\"async\" width=\"2560\" height=\"1707\" src=\"https:\/\/newproductioninstitute.de\/wp-content\/uploads\/2021\/10\/alexander-bagno-vIE6DYDsQok-unsplash-scaled.jpg\" alt=\"Menschen auf der Elbphilarmonie\" class=\"wp-image-2469\" srcset=\"https:\/\/newproductioninstitute.de\/wp-content\/uploads\/2021\/10\/alexander-bagno-vIE6DYDsQok-unsplash-scaled.jpg 2560w, https:\/\/newproductioninstitute.de\/wp-content\/uploads\/2021\/10\/alexander-bagno-vIE6DYDsQok-unsplash-768x512.jpg 768w, https:\/\/newproductioninstitute.de\/wp-content\/uploads\/2021\/10\/alexander-bagno-vIE6DYDsQok-unsplash-1536x1024.jpg 1536w, https:\/\/newproductioninstitute.de\/wp-content\/uploads\/2021\/10\/alexander-bagno-vIE6DYDsQok-unsplash-2048x1365.jpg 2048w, https:\/\/newproductioninstitute.de\/wp-content\/uploads\/2021\/10\/alexander-bagno-vIE6DYDsQok-unsplash-272x182.jpg 272w\" sizes=\"(max-width: 2560px) 100vw, 2560px\" \/><\/figure>\n<\/div>\n\n\n\n<div class=\"wp-block-column is-layout-flow wp-block-column-is-layout-flow\">\n<h2 class=\"wp-block-heading\">Understand networks<\/h2>\n\n\n\n<p>The analysis of <strong>urban conditions<\/strong>, existing actor constellations, and knowledge networks as a starting point (e.g. in the form of network analysis) is decisive here.<\/p>\n\n\n\n<p>On this basis,<strong> local needs <\/strong>(bottom-up initiatives) can be reconciled with strategic and political objectives of spatial planning and urban and economic development.<\/p>\n<\/div>\n<\/div>\n\n\n\n<div style=\"height:50px\" aria-hidden=\"true\" class=\"wp-block-spacer\"><\/div>\n\n\n\n<div class=\"wp-block-columns is-layout-flex wp-container-core-columns-is-layout-3 wp-block-columns-is-layout-flex\">\n<div class=\"wp-block-column is-layout-flow wp-block-column-is-layout-flow\" style=\"flex-basis:45%\">\n<figure class=\"wp-block-image size-full\"><img loading=\"lazy\" decoding=\"async\" width=\"2560\" height=\"1702\" src=\"https:\/\/newproductioninstitute.de\/wp-content\/uploads\/2021\/10\/maeva-hemon-yR8fnDbba1s-unsplash-scaled.jpg\" alt=\"Graffiti Kunst in Hamburg\" class=\"wp-image-2468\" srcset=\"https:\/\/newproductioninstitute.de\/wp-content\/uploads\/2021\/10\/maeva-hemon-yR8fnDbba1s-unsplash-scaled.jpg 2560w, https:\/\/newproductioninstitute.de\/wp-content\/uploads\/2021\/10\/maeva-hemon-yR8fnDbba1s-unsplash-768x511.jpg 768w, https:\/\/newproductioninstitute.de\/wp-content\/uploads\/2021\/10\/maeva-hemon-yR8fnDbba1s-unsplash-1536x1021.jpg 1536w, https:\/\/newproductioninstitute.de\/wp-content\/uploads\/2021\/10\/maeva-hemon-yR8fnDbba1s-unsplash-2048x1362.jpg 2048w, https:\/\/newproductioninstitute.de\/wp-content\/uploads\/2021\/10\/maeva-hemon-yR8fnDbba1s-unsplash-272x182.jpg 272w\" sizes=\"(max-width: 2560px) 100vw, 2560px\" \/><\/figure>\n<\/div>\n\n\n\n<div class=\"wp-block-column is-layout-flow wp-block-column-is-layout-flow\">\n<h2 class=\"wp-block-heading\">Measure urban potential<\/h2>\n\n\n\n<p>The New Production Institute can make an important contribution to <strong>linking proximity to citizens and industry orientation<\/strong>. The <strong>communities<\/strong> should be brought into contact with technological problems up to questions of industrial production (through Open Labs) and be involved in finding solutions.<\/p>\n\n\n\n<p>For this purpose, it is necessary to analyze <strong>technical requirements, regional framework conditions, and relevant socio-economic success factors<\/strong> with the help of user surveys and field studies, as well as to investigate the effects of establishing Open Labs in the city as a measure of collaborative value creation.<\/p>\n<\/div>\n<\/div>\n\n\n\n<div style=\"height:50px\" aria-hidden=\"true\" class=\"wp-block-spacer\"><\/div>\n\n\n\n<h2 class=\"wp-block-heading\">Determine requirements<\/h2>\n\n\n\n<p>A requirement and potential analysis of the means of production is carried out, as well as the determination of requirements in relation to the digital platforms that are being investigated as part of the &#8220;Interfacer&#8221; project. The aim of this project is a <strong>socio-technical requirements catalog.<\/strong><\/p>\n\n\n\n<p>Due to its local, national, and international network as well as extensive project experience in inter- and transdisciplinary contexts, the <strong>New Production Institute is a strong partner and mediator for industry, science, politics, and civil society.<\/strong><\/p>\n\n\n\n<div style=\"height:50px\" aria-hidden=\"true\" class=\"wp-block-spacer\"><\/div>\n\n\n\n<h2 class=\"wp-block-heading\">Encourage Citizen Innovation<\/h2>\n\n\n\n<p>Through various collaborative <strong>open innovation<\/strong> and <strong>co-creation formats<\/strong> (e.g. idea competitions, hackathons and build workshops), all interested parties are invited and supported to contribute their own ideas for physical products, either locally in one of the <strong>Fab Labs or via the Citizen Innovation Platform<\/strong>, and to develop them further &#8211; regardless of whether it is a hobby project or a start-up idea &#8211; together with the experts on site, from design prototypes to small series.<\/p>\n\n\n\n<p>The New Production Institute accompanies and investigates these formats with different methods from the social and economic sciences in order to explore how as many people as possible can be involved in local innovation and value creation processes at a low threshold.<\/p>\n\n\n\n<div style=\"height:50px\" aria-hidden=\"true\" class=\"wp-block-spacer\"><\/div>\n\n\n\n<h2 class=\"wp-block-heading\">Evaluate ideas collaboratively<\/h2>\n\n\n\n<p>In order to involve as many people as possible in the solution of local problems as well as in the evaluation and decision-making process regarding the potential and relevance of product ideas, collaborative and participatory crowd voting mechanisms are being developed and tested so that as many knowledge carriers and (potential) users as possible can have a voice and thus influence local value creation.<\/p>\n\n\n\n<p>In concrete terms, the aim here is to investigate how decisions can be made jointly so that the highest possible level of participation and thus a high level of acceptance and user preference can be ensured. \u00a0\u00a0<\/p>\n\n\n\n<div style=\"height:50px\" aria-hidden=\"true\" class=\"wp-block-spacer\"><\/div>\n\n\n\n\n\n<p>In June 2019, the Free and Hanseatic City of Hamburg became the first German city to join the <a href=\"https:\/\/fab.city\/\"><strong>global Fab Cities initiative<\/strong><\/a>, which already includes 34 cities or regions worldwide.<\/p>\n\n\n\n<p>Their goal: the sustainable city of the future that can produce (almost) everything it needs itself. The city will become a <strong><a href=\"https:\/\/www.fabcity.hamburg\/en\/mission\/\">data-based circular economy <\/a><\/strong>with a digitally networked manufacturing infrastructure in which as many residents as possible participate and become producers themselves.<\/p>\n\n\n\n<p>In 2054, this process should be so advanced that Fab Cities only import and export data. In order to advance and realize this vision, Hamburg&#8217;s Fab City community of Fab Labs, Makerspaces, workshops, innovative start-ups, and research institutions institutionalized itself in the association <strong><a href=\"https:\/\/www.fabcity.hamburg\/en\/verein\/\">Fab City Hamburg e.V.<\/a> i<\/strong>n October 2020.<\/p>\n\n\n\n\n\n<p><\/p>\n","protected":false},"excerpt":{"rendered":"<p>The potential of the Hanseatic city The Hamburg metropolitan region has great potential to play a pioneering role on the way to a participatory circular economy through cooperation between representatives from politics, business, and science with companies, associations, and citizens in the global Fab City city network. The communities in the Hanseatic city and the [&hellip;]<\/p>\n","protected":false},"author":5,"featured_media":0,"parent":0,"menu_order":0,"comment_status":"closed","ping_status":"closed","template":"","meta":{"_acf_changed":false,"ocean_post_layout":"","ocean_both_sidebars_style":"","ocean_both_sidebars_content_width":0,"ocean_both_sidebars_sidebars_width":0,"ocean_sidebar":"0","ocean_second_sidebar":"0","ocean_disable_margins":"enable","ocean_add_body_class":"","ocean_shortcode_before_top_bar":"","ocean_shortcode_after_top_bar":"","ocean_shortcode_before_header":"","ocean_shortcode_after_header":"","ocean_has_shortcode":"","ocean_shortcode_after_title":"","ocean_shortcode_before_footer_widgets":"","ocean_shortcode_after_footer_widgets":"","ocean_shortcode_before_footer_bottom":"","ocean_shortcode_after_footer_bottom":"","ocean_display_top_bar":"default","ocean_display_header":"default","ocean_header_style":"","ocean_center_header_left_menu":"0","ocean_custom_header_template":"0","ocean_custom_logo":0,"ocean_custom_retina_logo":0,"ocean_custom_logo_max_width":0,"ocean_custom_logo_tablet_max_width":0,"ocean_custom_logo_mobile_max_width":0,"ocean_custom_logo_max_height":0,"ocean_custom_logo_tablet_max_height":0,"ocean_custom_logo_mobile_max_height":0,"ocean_header_custom_menu":"0","ocean_menu_typo_font_family":"0","ocean_menu_typo_font_subset":"","ocean_menu_typo_font_size":0,"ocean_menu_typo_font_size_tablet":0,"ocean_menu_typo_font_size_mobile":0,"ocean_menu_typo_font_size_unit":"px","ocean_menu_typo_font_weight":"","ocean_menu_typo_font_weight_tablet":"","ocean_menu_typo_font_weight_mobile":"","ocean_menu_typo_transform":"","ocean_menu_typo_transform_tablet":"","ocean_menu_typo_transform_mobile":"","ocean_menu_typo_line_height":0,"ocean_menu_typo_line_height_tablet":0,"ocean_menu_typo_line_height_mobile":0,"ocean_menu_typo_line_height_unit":"","ocean_menu_typo_spacing":0,"ocean_menu_typo_spacing_tablet":0,"ocean_menu_typo_spacing_mobile":0,"ocean_menu_typo_spacing_unit":"","ocean_menu_link_color":"","ocean_menu_link_color_hover":"","ocean_menu_link_color_active":"","ocean_menu_link_background":"","ocean_menu_link_hover_background":"","ocean_menu_link_active_background":"","ocean_menu_social_links_bg":"","ocean_menu_social_hover_links_bg":"","ocean_menu_social_links_color":"","ocean_menu_social_hover_links_color":"","ocean_disable_title":"default","ocean_disable_heading":"default","ocean_post_title":"","ocean_post_subheading":"","ocean_post_title_style":"","ocean_post_title_background_color":"","ocean_post_title_background":0,"ocean_post_title_bg_image_position":"","ocean_post_title_bg_image_attachment":"","ocean_post_title_bg_image_repeat":"","ocean_post_title_bg_image_size":"","ocean_post_title_height":0,"ocean_post_title_bg_overlay":0.5,"ocean_post_title_bg_overlay_color":"","ocean_disable_breadcrumbs":"default","ocean_breadcrumbs_color":"","ocean_breadcrumbs_separator_color":"","ocean_breadcrumbs_links_color":"","ocean_breadcrumbs_links_hover_color":"","ocean_display_footer_widgets":"default","ocean_display_footer_bottom":"default","ocean_custom_footer_template":"0","footnotes":""},"acf":[],"yoast_head":"<!-- This site is optimized with the Yoast SEO plugin v24.9 - https:\/\/yoast.com\/wordpress\/plugins\/seo\/ -->\n<title>Communities | The New Production Institute<\/title>\n<meta name=\"description\" content=\"Unsere interdisziplin\u00e4re Forschung untersucht sowohl lokale als auch Online-Communities mit dem Ziel, Wertsch\u00f6pfung mit und f\u00fcr die Menschen zu gestalten.\" \/>\n<meta name=\"robots\" content=\"index, follow, max-snippet:-1, max-image-preview:large, max-video-preview:-1\" \/>\n<link rel=\"canonical\" href=\"https:\/\/newproductioninstitute.de\/en\/communities-2\" \/>\n<meta property=\"og:locale\" content=\"en_US\" \/>\n<meta property=\"og:type\" content=\"article\" \/>\n<meta property=\"og:title\" content=\"Communities | The New Production Institute\" \/>\n<meta property=\"og:description\" content=\"Unsere interdisziplin\u00e4re Forschung untersucht sowohl lokale als auch Online-Communities mit dem Ziel, Wertsch\u00f6pfung mit und f\u00fcr die Menschen zu gestalten.\" \/>\n<meta property=\"og:url\" content=\"https:\/\/newproductioninstitute.de\/en\/communities-2\" \/>\n<meta property=\"og:site_name\" content=\"The New Production Institute\" \/>\n<meta property=\"article:modified_time\" content=\"2022-10-04T08:27:45+00:00\" \/>\n<meta property=\"og:image\" content=\"https:\/\/newproductioninstitute.de\/wp-content\/uploads\/2021\/08\/thisisengineering-raeng-grDTSAnM8b4-unsplash-scaled.jpg\" \/>\n<meta name=\"twitter:card\" content=\"summary_large_image\" \/>\n<meta name=\"twitter:label1\" content=\"Est. reading time\" \/>\n\t<meta name=\"twitter:data1\" content=\"6 minutes\" \/>\n<script type=\"application\/ld+json\" class=\"yoast-schema-graph\">{\"@context\":\"https:\/\/schema.org\",\"@graph\":[{\"@type\":\"WebPage\",\"@id\":\"https:\/\/newproductioninstitute.de\/en\/communities-2\",\"url\":\"https:\/\/newproductioninstitute.de\/en\/communities-2\",\"name\":\"Communities | The New Production Institute\",\"isPartOf\":{\"@id\":\"https:\/\/newproductioninstitute.de\/en#website\"},\"primaryImageOfPage\":{\"@id\":\"https:\/\/newproductioninstitute.de\/en\/communities-2#primaryimage\"},\"image\":{\"@id\":\"https:\/\/newproductioninstitute.de\/en\/communities-2#primaryimage\"},\"thumbnailUrl\":\"https:\/\/newproductioninstitute.de\/wp-content\/uploads\/2021\/08\/thisisengineering-raeng-grDTSAnM8b4-unsplash-scaled.jpg\",\"datePublished\":\"2021-08-19T10:05:26+00:00\",\"dateModified\":\"2022-10-04T08:27:45+00:00\",\"description\":\"Unsere interdisziplin\u00e4re Forschung untersucht sowohl lokale als auch Online-Communities mit dem Ziel, Wertsch\u00f6pfung mit und f\u00fcr die Menschen zu gestalten.\",\"breadcrumb\":{\"@id\":\"https:\/\/newproductioninstitute.de\/en\/communities-2#breadcrumb\"},\"inLanguage\":\"en-US\",\"potentialAction\":[{\"@type\":\"ReadAction\",\"target\":[\"https:\/\/newproductioninstitute.de\/en\/communities-2\"]}]},{\"@type\":\"ImageObject\",\"inLanguage\":\"en-US\",\"@id\":\"https:\/\/newproductioninstitute.de\/en\/communities-2#primaryimage\",\"url\":\"https:\/\/newproductioninstitute.de\/wp-content\/uploads\/2021\/08\/thisisengineering-raeng-grDTSAnM8b4-unsplash-scaled.jpg\",\"contentUrl\":\"https:\/\/newproductioninstitute.de\/wp-content\/uploads\/2021\/08\/thisisengineering-raeng-grDTSAnM8b4-unsplash-scaled.jpg\"},{\"@type\":\"BreadcrumbList\",\"@id\":\"https:\/\/newproductioninstitute.de\/en\/communities-2#breadcrumb\",\"itemListElement\":[{\"@type\":\"ListItem\",\"position\":1,\"name\":\"Startseite\",\"item\":\"https:\/\/newproductioninstitute.de\/en\"},{\"@type\":\"ListItem\",\"position\":2,\"name\":\"Communities\"}]},{\"@type\":\"WebSite\",\"@id\":\"https:\/\/newproductioninstitute.de\/en#website\",\"url\":\"https:\/\/newproductioninstitute.de\/en\",\"name\":\"The New Production Institute\",\"description\":\"\",\"publisher\":{\"@id\":\"https:\/\/newproductioninstitute.de\/en#organization\"},\"potentialAction\":[{\"@type\":\"SearchAction\",\"target\":{\"@type\":\"EntryPoint\",\"urlTemplate\":\"https:\/\/newproductioninstitute.de\/en?s={search_term_string}\"},\"query-input\":{\"@type\":\"PropertyValueSpecification\",\"valueRequired\":true,\"valueName\":\"search_term_string\"}}],\"inLanguage\":\"en-US\"},{\"@type\":\"Organization\",\"@id\":\"https:\/\/newproductioninstitute.de\/en#organization\",\"name\":\"The New Production Institute\",\"url\":\"https:\/\/newproductioninstitute.de\/en\",\"logo\":{\"@type\":\"ImageObject\",\"inLanguage\":\"en-US\",\"@id\":\"https:\/\/newproductioninstitute.de\/en#\/schema\/logo\/image\/\",\"url\":\"https:\/\/newproductioninstitute.de\/wp-content\/uploads\/2021\/09\/cropped-webseite-icon.png\",\"contentUrl\":\"https:\/\/newproductioninstitute.de\/wp-content\/uploads\/2021\/09\/cropped-webseite-icon.png\",\"width\":512,\"height\":512,\"caption\":\"The New Production Institute\"},\"image\":{\"@id\":\"https:\/\/newproductioninstitute.de\/en#\/schema\/logo\/image\/\"}}]}<\/script>\n<!-- \/ Yoast SEO plugin. -->","yoast_head_json":{"title":"Communities | The New Production Institute","description":"Unsere interdisziplin\u00e4re Forschung untersucht sowohl lokale als auch Online-Communities mit dem Ziel, Wertsch\u00f6pfung mit und f\u00fcr die Menschen zu gestalten.","robots":{"index":"index","follow":"follow","max-snippet":"max-snippet:-1","max-image-preview":"max-image-preview:large","max-video-preview":"max-video-preview:-1"},"canonical":"https:\/\/newproductioninstitute.de\/en\/communities-2","og_locale":"en_US","og_type":"article","og_title":"Communities | The New Production Institute","og_description":"Unsere interdisziplin\u00e4re Forschung untersucht sowohl lokale als auch Online-Communities mit dem Ziel, Wertsch\u00f6pfung mit und f\u00fcr die Menschen zu gestalten.","og_url":"https:\/\/newproductioninstitute.de\/en\/communities-2","og_site_name":"The New Production Institute","article_modified_time":"2022-10-04T08:27:45+00:00","og_image":[{"url":"https:\/\/newproductioninstitute.de\/wp-content\/uploads\/2021\/08\/thisisengineering-raeng-grDTSAnM8b4-unsplash-scaled.jpg","type":"","width":"","height":""}],"twitter_card":"summary_large_image","twitter_misc":{"Est. reading time":"6 minutes"},"schema":{"@context":"https:\/\/schema.org","@graph":[{"@type":"WebPage","@id":"https:\/\/newproductioninstitute.de\/en\/communities-2","url":"https:\/\/newproductioninstitute.de\/en\/communities-2","name":"Communities | The New Production Institute","isPartOf":{"@id":"https:\/\/newproductioninstitute.de\/en#website"},"primaryImageOfPage":{"@id":"https:\/\/newproductioninstitute.de\/en\/communities-2#primaryimage"},"image":{"@id":"https:\/\/newproductioninstitute.de\/en\/communities-2#primaryimage"},"thumbnailUrl":"https:\/\/newproductioninstitute.de\/wp-content\/uploads\/2021\/08\/thisisengineering-raeng-grDTSAnM8b4-unsplash-scaled.jpg","datePublished":"2021-08-19T10:05:26+00:00","dateModified":"2022-10-04T08:27:45+00:00","description":"Unsere interdisziplin\u00e4re Forschung untersucht sowohl lokale als auch Online-Communities mit dem Ziel, Wertsch\u00f6pfung mit und f\u00fcr die Menschen zu gestalten.","breadcrumb":{"@id":"https:\/\/newproductioninstitute.de\/en\/communities-2#breadcrumb"},"inLanguage":"en-US","potentialAction":[{"@type":"ReadAction","target":["https:\/\/newproductioninstitute.de\/en\/communities-2"]}]},{"@type":"ImageObject","inLanguage":"en-US","@id":"https:\/\/newproductioninstitute.de\/en\/communities-2#primaryimage","url":"https:\/\/newproductioninstitute.de\/wp-content\/uploads\/2021\/08\/thisisengineering-raeng-grDTSAnM8b4-unsplash-scaled.jpg","contentUrl":"https:\/\/newproductioninstitute.de\/wp-content\/uploads\/2021\/08\/thisisengineering-raeng-grDTSAnM8b4-unsplash-scaled.jpg"},{"@type":"BreadcrumbList","@id":"https:\/\/newproductioninstitute.de\/en\/communities-2#breadcrumb","itemListElement":[{"@type":"ListItem","position":1,"name":"Startseite","item":"https:\/\/newproductioninstitute.de\/en"},{"@type":"ListItem","position":2,"name":"Communities"}]},{"@type":"WebSite","@id":"https:\/\/newproductioninstitute.de\/en#website","url":"https:\/\/newproductioninstitute.de\/en","name":"The New Production Institute","description":"","publisher":{"@id":"https:\/\/newproductioninstitute.de\/en#organization"},"potentialAction":[{"@type":"SearchAction","target":{"@type":"EntryPoint","urlTemplate":"https:\/\/newproductioninstitute.de\/en?s={search_term_string}"},"query-input":{"@type":"PropertyValueSpecification","valueRequired":true,"valueName":"search_term_string"}}],"inLanguage":"en-US"},{"@type":"Organization","@id":"https:\/\/newproductioninstitute.de\/en#organization","name":"The New Production Institute","url":"https:\/\/newproductioninstitute.de\/en","logo":{"@type":"ImageObject","inLanguage":"en-US","@id":"https:\/\/newproductioninstitute.de\/en#\/schema\/logo\/image\/","url":"https:\/\/newproductioninstitute.de\/wp-content\/uploads\/2021\/09\/cropped-webseite-icon.png","contentUrl":"https:\/\/newproductioninstitute.de\/wp-content\/uploads\/2021\/09\/cropped-webseite-icon.png","width":512,"height":512,"caption":"The New Production Institute"},"image":{"@id":"https:\/\/newproductioninstitute.de\/en#\/schema\/logo\/image\/"}}]}},"_links":{"self":[{"href":"https:\/\/newproductioninstitute.de\/en\/wp-json\/wp\/v2\/pages\/4238"}],"collection":[{"href":"https:\/\/newproductioninstitute.de\/en\/wp-json\/wp\/v2\/pages"}],"about":[{"href":"https:\/\/newproductioninstitute.de\/en\/wp-json\/wp\/v2\/types\/page"}],"author":[{"embeddable":true,"href":"https:\/\/newproductioninstitute.de\/en\/wp-json\/wp\/v2\/users\/5"}],"replies":[{"embeddable":true,"href":"https:\/\/newproductioninstitute.de\/en\/wp-json\/wp\/v2\/comments?post=4238"}],"version-history":[{"count":0,"href":"https:\/\/newproductioninstitute.de\/en\/wp-json\/wp\/v2\/pages\/4238\/revisions"}],"wp:attachment":[{"href":"https:\/\/newproductioninstitute.de\/en\/wp-json\/wp\/v2\/media?parent=4238"}],"curies":[{"name":"wp","href":"https:\/\/api.w.org\/{rel}","templated":true}]}}