{"id":4281,"date":"2021-09-21T13:14:34","date_gmt":"2021-09-21T13:14:34","guid":{"rendered":"https:\/\/newproductioninstitute.de\/?page_id=4281"},"modified":"2024-06-20T14:38:31","modified_gmt":"2024-06-20T14:38:31","slug":"legal-notice","status":"publish","type":"page","link":"https:\/\/newproductioninstitute.de\/en\/legal-notice","title":{"rendered":"Legal notice"},"content":{"rendered":"\n<h2 class=\"wp-block-heading\">Legal notice<\/h2>\n\n\n\n<p><\/p>\n\n\n\n<p><strong>Tobias Redlich<br>Holstenhofweg 85<br>Laboratorium Fertigungstechnik<br>22043 Hamburg<\/strong><\/p>\n\n\n\n<h2 class=\"wp-block-heading\">Kontakt:<\/h2>\n\n\n\n<p><strong>Telefon:<\/strong> 04065413827<br><strong>Telefax:<\/strong> 04065412839<br><strong>E-Mail:<\/strong> tobias.redlich@hsu-hh.de<\/p>\n\n\n\n<p><strong>Quelle:<\/strong> \/http:\/\/www.e-recht24.de &lt;http:\/\/www.e-recht24.de\/&gt;\/<\/p>\n\n\n\n<h2 class=\"wp-block-heading\">*Haftung f\u00fcr Inhalte*<\/h2>\n\n\n\n<p>Als Diensteanbieter sind wir f\u00fcr die Inhalte auf diesen Seiten nach den allgemeinen Gesetzen verantwortlich. Wir sind als Diensteanbieter jedoch nicht verpflichtet, \u00fcbermittelte oder gespeicherte fremde Informationen zu \u00fcberwachen oder nach Umst\u00e4nden zu forschen, die auf eine rechtswidrige T\u00e4tigkeit hinweisen. Verpflichtungen zur Entfernung oder Sperrung der Nutzung von Informationen nach den allgemeinen Gesetzen bleiben hiervon unber\u00fchrt. Eine diesbez\u00fcgliche Haftung ist jedoch erst ab dem Zeitpunkt der Kenntnis einer konkreten Rechtsverletzung m\u00f6glich. Bei Bekanntwerden von entsprechenden Rechtsverletzungen werden wir diese Inhalte umgehend entfernen.<\/p>\n\n\n\n<h2 class=\"wp-block-heading\">*Haftung f\u00fcr Links*<\/h2>\n\n\n\n<p>Unser Angebot enth\u00e4lt Links zu externen Webseiten Dritter, auf deren Inhalte wir keinen Einfluss haben. Deshalb k\u00f6nnen wir f\u00fcr diese fremden Inhalte auch keine Gew\u00e4hr \u00fcbernehmen. F\u00fcr die Inhalte der verlinkten Seiten ist stets der jeweilige Anbieter oder Betreiber der Seiten verantwortlich. Die verlinkten Seiten wurden zum Zeitpunkt der Verlinkung auf m\u00f6gliche Rechtsverst\u00f6\u00dfe \u00fcberpr\u00fcft. Rechtswidrige Inhalte waren zum Zeitpunkt der Verlinkung nicht erkennbar. Eine permanente inhaltliche Kontrolle der verlinkten Seiten ist jedoch ohne konkrete Anhaltspunkte einer Rechtsverletzung nicht zumutbar. Bei Bekanntwerden von Rechtsverletzungen werden wir derartige Links umgehend entfernen.<\/p>\n\n\n\n<h2 class=\"wp-block-heading\">*Urheberrecht*<\/h2>\n\n\n\n<p>Die durch die Seitenbetreiber erstellten Inhalte und Werke auf diesen Seiten unterliegen dem deutschen Urheberrecht. Die Vervielf\u00e4ltigung, Bearbeitung, Verbreitung und jede Art der Verwertung au\u00dferhalb der Grenzen des Urheberrechtes bed\u00fcrfen der schriftlichen Zustimmung des jeweiligen Autors bzw. Erstellers. Downloads und Kopien dieser Seite sind nur f\u00fcr den privaten, nicht kommerziellen Gebrauch gestattet. Soweit die Inhalte auf dieser Seite nicht vom Betreiber erstellt wurden, werden die Urheberrechte Dritter beachtet. Insbesondere werden Inhalte Dritter als solche gekennzeichnet. Sollten Sie trotzdem auf eine Urheberrechtsverletzung aufmerksam werden, bitten wir um einen entsprechenden Hinweis. Bei Bekanntwerden von Rechtsverletzungen werden wir derartige Inhalte umgehend entfernen.<\/p>\n\n\n\n<p>Die Nutzung unserer Webseite ist in der Regel ohne Angabe personenbezogener Daten m\u00f6glich. Soweit auf unseren Seiten personenbezogene Daten (beispielsweise Name, Anschrift oder eMail-Adressen) erhoben werden, erfolgt dies, soweit m\u00f6glich, stets auf freiwilliger Basis. Die M\u00f6glichkeit zum Widerruf besteht jederzeit.&nbsp;Hier geht es zur aktuellen <a href=\"https:\/\/newproductioninstitute.de\/datenschutzerklaerung\">Datenschutzerkl\u00e4rung<\/a>.<\/p>\n\n\n\n<p>Wir weisen darauf hin, dass die Daten\u00fcbertragung im Internet (z.B. bei der Kommunikation per E-Mail) Sicherheitsl\u00fccken aufweisen kann. Ein l\u00fcckenloser Schutz der Daten vor dem Zugriff durch Dritte ist nicht m\u00f6glich.<\/p>\n\n\n\n<p>Der Nutzung von im Rahmen der Impressumspflicht ver\u00f6ffentlichten Kontaktdaten durch Dritte zur \u00dcbersendung von nicht ausdr\u00fccklich angeforderter Werbung und Informationsmaterialien wird hiermit ausdr\u00fccklich widersprochen. Die Betreiber der Seiten behalten sich ausdr\u00fccklich rechtliche Schritte im Falle der unverlangten Zusendung von Werbeinformationen, etwa durch Spam-Mails, vor.<\/p>\n\n\n\n<h2 class=\"wp-block-heading\">*Bildquellen*<\/h2>\n\n\n\n<p>Die Hauptbildquelle von newproductioninsitute.de ist <a href=\"https:\/\/unsplash.com\" target=\"_blank\" rel=\"noreferrer noopener\">unsplash.com<\/a>. Weitere Bildautoren sind das New Production Institute und Sebastian M\u00fcller. F\u00fcr Fragen zur Bildauswahl wenden sich gern an uns \u00fcber das <a href=\"https:\/\/newproductioninstitute.de\/kontakt\">Kontakformular<\/a>. <\/p>\n","protected":false},"excerpt":{"rendered":"<p>Legal notice Tobias RedlichHolstenhofweg 85Laboratorium Fertigungstechnik22043 Hamburg Kontakt: Telefon: 04065413827Telefax: 04065412839E-Mail: tobias.redlich@hsu-hh.de Quelle: \/http:\/\/www.e-recht24.de &lt;http:\/\/www.e-recht24.de\/&gt;\/ *Haftung f\u00fcr Inhalte* Als Diensteanbieter sind wir f\u00fcr die Inhalte auf diesen Seiten nach den allgemeinen Gesetzen verantwortlich. Wir sind als Diensteanbieter jedoch nicht verpflichtet, \u00fcbermittelte oder gespeicherte fremde Informationen zu \u00fcberwachen oder nach Umst\u00e4nden zu forschen, die auf eine [&hellip;]<\/p>\n","protected":false},"author":5,"featured_media":0,"parent":0,"menu_order":0,"comment_status":"closed","ping_status":"closed","template":"","meta":{"_acf_changed":false,"ocean_post_layout":"","ocean_both_sidebars_style":"","ocean_both_sidebars_content_width":0,"ocean_both_sidebars_sidebars_width":0,"ocean_sidebar":"0","ocean_second_sidebar":"0","ocean_disable_margins":"enable","ocean_add_body_class":"","ocean_shortcode_before_top_bar":"","ocean_shortcode_after_top_bar":"","ocean_shortcode_before_header":"","ocean_shortcode_after_header":"","ocean_has_shortcode":"","ocean_shortcode_after_title":"","ocean_shortcode_before_footer_widgets":"","ocean_shortcode_after_footer_widgets":"","ocean_shortcode_before_footer_bottom":"","ocean_shortcode_after_footer_bottom":"","ocean_display_top_bar":"default","ocean_display_header":"default","ocean_header_style":"","ocean_center_header_left_menu":"0","ocean_custom_header_template":"0","ocean_custom_logo":0,"ocean_custom_retina_logo":0,"ocean_custom_logo_max_width":0,"ocean_custom_logo_tablet_max_width":0,"ocean_custom_logo_mobile_max_width":0,"ocean_custom_logo_max_height":0,"ocean_custom_logo_tablet_max_height":0,"ocean_custom_logo_mobile_max_height":0,"ocean_header_custom_menu":"0","ocean_menu_typo_font_family":"0","ocean_menu_typo_font_subset":"","ocean_menu_typo_font_size":0,"ocean_menu_typo_font_size_tablet":0,"ocean_menu_typo_font_size_mobile":0,"ocean_menu_typo_font_size_unit":"px","ocean_menu_typo_font_weight":"","ocean_menu_typo_font_weight_tablet":"","ocean_menu_typo_font_weight_mobile":"","ocean_menu_typo_transform":"","ocean_menu_typo_transform_tablet":"","ocean_menu_typo_transform_mobile":"","ocean_menu_typo_line_height":0,"ocean_menu_typo_line_height_tablet":0,"ocean_menu_typo_line_height_mobile":0,"ocean_menu_typo_line_height_unit":"","ocean_menu_typo_spacing":0,"ocean_menu_typo_spacing_tablet":0,"ocean_menu_typo_spacing_mobile":0,"ocean_menu_typo_spacing_unit":"","ocean_menu_link_color":"","ocean_menu_link_color_hover":"","ocean_menu_link_color_active":"","ocean_menu_link_background":"","ocean_menu_link_hover_background":"","ocean_menu_link_active_background":"","ocean_menu_social_links_bg":"","ocean_menu_social_hover_links_bg":"","ocean_menu_social_links_color":"","ocean_menu_social_hover_links_color":"","ocean_disable_title":"default","ocean_disable_heading":"default","ocean_post_title":"","ocean_post_subheading":"","ocean_post_title_style":"","ocean_post_title_background_color":"","ocean_post_title_background":0,"ocean_post_title_bg_image_position":"","ocean_post_title_bg_image_attachment":"","ocean_post_title_bg_image_repeat":"","ocean_post_title_bg_image_size":"","ocean_post_title_height":0,"ocean_post_title_bg_overlay":0.5,"ocean_post_title_bg_overlay_color":"","ocean_disable_breadcrumbs":"default","ocean_breadcrumbs_color":"","ocean_breadcrumbs_separator_color":"","ocean_breadcrumbs_links_color":"","ocean_breadcrumbs_links_hover_color":"","ocean_display_footer_widgets":"default","ocean_display_footer_bottom":"default","ocean_custom_footer_template":"0","footnotes":""},"acf":[],"yoast_head":"<!-- This site is optimized with the Yoast SEO plugin v24.9 - https:\/\/yoast.com\/wordpress\/plugins\/seo\/ -->\n<title>Legal notice | The New Production Institute<\/title>\n<meta name=\"robots\" content=\"index, follow, max-snippet:-1, max-image-preview:large, max-video-preview:-1\" \/>\n<link rel=\"canonical\" href=\"https:\/\/newproductioninstitute.de\/en\/legal-notice\" \/>\n<meta property=\"og:locale\" content=\"en_US\" \/>\n<meta property=\"og:type\" content=\"article\" \/>\n<meta property=\"og:title\" content=\"Legal notice | The New Production Institute\" \/>\n<meta property=\"og:description\" content=\"Legal notice Tobias RedlichHolstenhofweg 85Laboratorium Fertigungstechnik22043 Hamburg Kontakt: Telefon: 04065413827Telefax: 04065412839E-Mail: tobias.redlich@hsu-hh.de Quelle: \/http:\/\/www.e-recht24.de &lt;http:\/\/www.e-recht24.de\/&gt;\/ *Haftung f\u00fcr Inhalte* Als Diensteanbieter sind wir f\u00fcr die Inhalte auf diesen Seiten nach den allgemeinen Gesetzen verantwortlich. Wir sind als Diensteanbieter jedoch nicht verpflichtet, \u00fcbermittelte oder gespeicherte fremde Informationen zu \u00fcberwachen oder nach Umst\u00e4nden zu forschen, die auf eine [&hellip;]\" \/>\n<meta property=\"og:url\" content=\"https:\/\/newproductioninstitute.de\/en\/legal-notice\" \/>\n<meta property=\"og:site_name\" content=\"The New Production Institute\" \/>\n<meta property=\"article:modified_time\" content=\"2024-06-20T14:38:31+00:00\" \/>\n<meta name=\"twitter:card\" content=\"summary_large_image\" \/>\n<meta name=\"twitter:label1\" content=\"Est. reading time\" \/>\n\t<meta name=\"twitter:data1\" content=\"3 minutes\" \/>\n<script type=\"application\/ld+json\" class=\"yoast-schema-graph\">{\"@context\":\"https:\/\/schema.org\",\"@graph\":[{\"@type\":\"WebPage\",\"@id\":\"https:\/\/newproductioninstitute.de\/en\/legal-notice\",\"url\":\"https:\/\/newproductioninstitute.de\/en\/legal-notice\",\"name\":\"Legal notice | The New Production Institute\",\"isPartOf\":{\"@id\":\"https:\/\/newproductioninstitute.de\/en#website\"},\"datePublished\":\"2021-09-21T13:14:34+00:00\",\"dateModified\":\"2024-06-20T14:38:31+00:00\",\"breadcrumb\":{\"@id\":\"https:\/\/newproductioninstitute.de\/en\/legal-notice#breadcrumb\"},\"inLanguage\":\"en-US\",\"potentialAction\":[{\"@type\":\"ReadAction\",\"target\":[\"https:\/\/newproductioninstitute.de\/en\/legal-notice\"]}]},{\"@type\":\"BreadcrumbList\",\"@id\":\"https:\/\/newproductioninstitute.de\/en\/legal-notice#breadcrumb\",\"itemListElement\":[{\"@type\":\"ListItem\",\"position\":1,\"name\":\"Startseite\",\"item\":\"https:\/\/newproductioninstitute.de\/en\"},{\"@type\":\"ListItem\",\"position\":2,\"name\":\"Legal notice\"}]},{\"@type\":\"WebSite\",\"@id\":\"https:\/\/newproductioninstitute.de\/en#website\",\"url\":\"https:\/\/newproductioninstitute.de\/en\",\"name\":\"The New Production Institute\",\"description\":\"\",\"publisher\":{\"@id\":\"https:\/\/newproductioninstitute.de\/en#organization\"},\"potentialAction\":[{\"@type\":\"SearchAction\",\"target\":{\"@type\":\"EntryPoint\",\"urlTemplate\":\"https:\/\/newproductioninstitute.de\/en?s={search_term_string}\"},\"query-input\":{\"@type\":\"PropertyValueSpecification\",\"valueRequired\":true,\"valueName\":\"search_term_string\"}}],\"inLanguage\":\"en-US\"},{\"@type\":\"Organization\",\"@id\":\"https:\/\/newproductioninstitute.de\/en#organization\",\"name\":\"The New Production Institute\",\"url\":\"https:\/\/newproductioninstitute.de\/en\",\"logo\":{\"@type\":\"ImageObject\",\"inLanguage\":\"en-US\",\"@id\":\"https:\/\/newproductioninstitute.de\/en#\/schema\/logo\/image\/\",\"url\":\"https:\/\/newproductioninstitute.de\/wp-content\/uploads\/2021\/09\/cropped-webseite-icon.png\",\"contentUrl\":\"https:\/\/newproductioninstitute.de\/wp-content\/uploads\/2021\/09\/cropped-webseite-icon.png\",\"width\":512,\"height\":512,\"caption\":\"The New Production Institute\"},\"image\":{\"@id\":\"https:\/\/newproductioninstitute.de\/en#\/schema\/logo\/image\/\"}}]}<\/script>\n<!-- \/ Yoast SEO plugin. -->","yoast_head_json":{"title":"Legal notice | The New Production Institute","robots":{"index":"index","follow":"follow","max-snippet":"max-snippet:-1","max-image-preview":"max-image-preview:large","max-video-preview":"max-video-preview:-1"},"canonical":"https:\/\/newproductioninstitute.de\/en\/legal-notice","og_locale":"en_US","og_type":"article","og_title":"Legal notice | The New Production Institute","og_description":"Legal notice Tobias RedlichHolstenhofweg 85Laboratorium Fertigungstechnik22043 Hamburg Kontakt: Telefon: 04065413827Telefax: 04065412839E-Mail: tobias.redlich@hsu-hh.de Quelle: \/http:\/\/www.e-recht24.de &lt;http:\/\/www.e-recht24.de\/&gt;\/ *Haftung f\u00fcr Inhalte* Als Diensteanbieter sind wir f\u00fcr die Inhalte auf diesen Seiten nach den allgemeinen Gesetzen verantwortlich. Wir sind als Diensteanbieter jedoch nicht verpflichtet, \u00fcbermittelte oder gespeicherte fremde Informationen zu \u00fcberwachen oder nach Umst\u00e4nden zu forschen, die auf eine [&hellip;]","og_url":"https:\/\/newproductioninstitute.de\/en\/legal-notice","og_site_name":"The New Production Institute","article_modified_time":"2024-06-20T14:38:31+00:00","twitter_card":"summary_large_image","twitter_misc":{"Est. reading time":"3 minutes"},"schema":{"@context":"https:\/\/schema.org","@graph":[{"@type":"WebPage","@id":"https:\/\/newproductioninstitute.de\/en\/legal-notice","url":"https:\/\/newproductioninstitute.de\/en\/legal-notice","name":"Legal notice | The New Production Institute","isPartOf":{"@id":"https:\/\/newproductioninstitute.de\/en#website"},"datePublished":"2021-09-21T13:14:34+00:00","dateModified":"2024-06-20T14:38:31+00:00","breadcrumb":{"@id":"https:\/\/newproductioninstitute.de\/en\/legal-notice#breadcrumb"},"inLanguage":"en-US","potentialAction":[{"@type":"ReadAction","target":["https:\/\/newproductioninstitute.de\/en\/legal-notice"]}]},{"@type":"BreadcrumbList","@id":"https:\/\/newproductioninstitute.de\/en\/legal-notice#breadcrumb","itemListElement":[{"@type":"ListItem","position":1,"name":"Startseite","item":"https:\/\/newproductioninstitute.de\/en"},{"@type":"ListItem","position":2,"name":"Legal notice"}]},{"@type":"WebSite","@id":"https:\/\/newproductioninstitute.de\/en#website","url":"https:\/\/newproductioninstitute.de\/en","name":"The New Production Institute","description":"","publisher":{"@id":"https:\/\/newproductioninstitute.de\/en#organization"},"potentialAction":[{"@type":"SearchAction","target":{"@type":"EntryPoint","urlTemplate":"https:\/\/newproductioninstitute.de\/en?s={search_term_string}"},"query-input":{"@type":"PropertyValueSpecification","valueRequired":true,"valueName":"search_term_string"}}],"inLanguage":"en-US"},{"@type":"Organization","@id":"https:\/\/newproductioninstitute.de\/en#organization","name":"The New Production Institute","url":"https:\/\/newproductioninstitute.de\/en","logo":{"@type":"ImageObject","inLanguage":"en-US","@id":"https:\/\/newproductioninstitute.de\/en#\/schema\/logo\/image\/","url":"https:\/\/newproductioninstitute.de\/wp-content\/uploads\/2021\/09\/cropped-webseite-icon.png","contentUrl":"https:\/\/newproductioninstitute.de\/wp-content\/uploads\/2021\/09\/cropped-webseite-icon.png","width":512,"height":512,"caption":"The New Production Institute"},"image":{"@id":"https:\/\/newproductioninstitute.de\/en#\/schema\/logo\/image\/"}}]}},"_links":{"self":[{"href":"https:\/\/newproductioninstitute.de\/en\/wp-json\/wp\/v2\/pages\/4281"}],"collection":[{"href":"https:\/\/newproductioninstitute.de\/en\/wp-json\/wp\/v2\/pages"}],"about":[{"href":"https:\/\/newproductioninstitute.de\/en\/wp-json\/wp\/v2\/types\/page"}],"author":[{"embeddable":true,"href":"https:\/\/newproductioninstitute.de\/en\/wp-json\/wp\/v2\/users\/5"}],"replies":[{"embeddable":true,"href":"https:\/\/newproductioninstitute.de\/en\/wp-json\/wp\/v2\/comments?post=4281"}],"version-history":[{"count":0,"href":"https:\/\/newproductioninstitute.de\/en\/wp-json\/wp\/v2\/pages\/4281\/revisions"}],"wp:attachment":[{"href":"https:\/\/newproductioninstitute.de\/en\/wp-json\/wp\/v2\/media?parent=4281"}],"curies":[{"name":"wp","href":"https:\/\/api.w.org\/{rel}","templated":true}]}}